{"id":28,"date":"2020-06-15T22:53:57","date_gmt":"2020-06-16T01:53:57","guid":{"rendered":"http:\/\/ensayoselectricossa.com.ar\/?page_id=28"},"modified":"2020-07-05T20:45:30","modified_gmt":"2020-07-05T23:45:30","slug":"la-empresa","status":"publish","type":"page","link":"https:\/\/ensayoselectricossa.com.ar\/index.php\/la-empresa\/","title":{"rendered":"La Empresa"},"content":{"rendered":"\t\t<div data-elementor-type=\"wp-page\" data-elementor-id=\"28\" class=\"elementor elementor-28\">\n\t\t\t\t\t\t<section class=\"elementor-section elementor-top-section elementor-element elementor-element-cf8d433 elementor-section-stretched elementor-section-full_width elementor-section-height-default elementor-section-height-default\" data-id=\"cf8d433\" data-element_type=\"section\" data-e-type=\"section\" data-settings=\"{&quot;stretch_section&quot;:&quot;section-stretched&quot;}\">\n\t\t\t\t\t\t<div class=\"elementor-container elementor-column-gap-default\">\n\t\t\t\t\t<div class=\"elementor-column elementor-col-100 elementor-top-column elementor-element elementor-element-d430ce1\" data-id=\"d430ce1\" data-element_type=\"column\" data-e-type=\"column\">\n\t\t\t<div class=\"elementor-widget-wrap elementor-element-populated\">\n\t\t\t\t\t\t<div class=\"elementor-element elementor-element-c4166fb elementor-widget elementor-widget-spacer\" data-id=\"c4166fb\" data-element_type=\"widget\" data-e-type=\"widget\" data-widget_type=\"spacer.default\">\n\t\t\t\t<div class=\"elementor-widget-container\">\n\t\t\t\t\t\t\t<div class=\"elementor-spacer\">\n\t\t\t<div class=\"elementor-spacer-inner\"><\/div>\n\t\t<\/div>\n\t\t\t\t\t\t<\/div>\n\t\t\t\t<\/div>\n\t\t\t\t\t<\/div>\n\t\t<\/div>\n\t\t\t\t\t<\/div>\n\t\t<\/section>\n\t\t\t\t<section class=\"elementor-section elementor-top-section elementor-element elementor-element-73b8712 elementor-section-full_width elementor-section-height-default elementor-section-height-default\" data-id=\"73b8712\" data-element_type=\"section\" data-e-type=\"section\">\n\t\t\t\t\t\t<div class=\"elementor-container elementor-column-gap-default\">\n\t\t\t\t\t<div class=\"elementor-column elementor-col-50 elementor-top-column elementor-element elementor-element-47fe0fb\" data-id=\"47fe0fb\" data-element_type=\"column\" data-e-type=\"column\">\n\t\t\t<div class=\"elementor-widget-wrap elementor-element-populated\">\n\t\t\t\t\t\t<div class=\"elementor-element elementor-element-95f4750 elementor-widget elementor-widget-text-editor\" data-id=\"95f4750\" data-element_type=\"widget\" data-e-type=\"widget\" data-widget_type=\"text-editor.default\">\n\t\t\t\t<div class=\"elementor-widget-container\">\n\t\t\t\t\t\t\t\t\t<p><strong>Ensayos El\u00e9ctricos S.A.<\/strong> es una empresa argentina creada en el a\u00f1o 1983. <br \/>Con el fin de aportar soluciones en el campo el\u00e9ctrico a quienes tienen entre sus metas mantener y alcanzar los m\u00e1s altos est\u00e1ndares de confiabilidad y costos.<\/p><p>A lo largo de nuestra trayectoria nuestros clientes nos han encomendado sus instalaciones, valor\u00e1ndonos como un contratista confiable y experimentado, siempre listo para asumir nuevas responsabilidades en sus proyectos, como as\u00ed tambi\u00e9n m\u00e1xima predisposici\u00f3n para aportar soluciones ante emergencias.<\/p><p>Con ellos nos sentimos identificados, y a ellos estamos dirigidos, con la firme convicci\u00f3n de poder contribuir al logro de sus objetivos.<\/p>\t\t\t\t\t\t\t\t<\/div>\n\t\t\t\t<\/div>\n\t\t\t\t\t<\/div>\n\t\t<\/div>\n\t\t\t\t<div class=\"elementor-column elementor-col-50 elementor-top-column elementor-element elementor-element-14a37e4\" data-id=\"14a37e4\" data-element_type=\"column\" data-e-type=\"column\">\n\t\t\t<div class=\"elementor-widget-wrap elementor-element-populated\">\n\t\t\t\t\t\t<div class=\"elementor-element elementor-element-3796a91 elementor-widget elementor-widget-image\" data-id=\"3796a91\" data-element_type=\"widget\" data-e-type=\"widget\" data-widget_type=\"image.default\">\n\t\t\t\t<div class=\"elementor-widget-container\">\n\t\t\t\t\t\t\t\t\t\t\t\t\t\t\t<img fetchpriority=\"high\" decoding=\"async\" width=\"604\" height=\"453\" src=\"https:\/\/ensayoselectricossa.com.ar\/wp-content\/uploads\/2020\/06\/GAL1-SET132KVSL.jpg\" class=\"attachment-large size-large wp-image-188\" alt=\"\" srcset=\"https:\/\/ensayoselectricossa.com.ar\/wp-content\/uploads\/2020\/06\/GAL1-SET132KVSL.jpg 811w, https:\/\/ensayoselectricossa.com.ar\/wp-content\/uploads\/2020\/06\/GAL1-SET132KVSL-300x225.jpg 300w, https:\/\/ensayoselectricossa.com.ar\/wp-content\/uploads\/2020\/06\/GAL1-SET132KVSL-768x576.jpg 768w\" sizes=\"(max-width: 604px) 100vw, 604px\" \/>\t\t\t\t\t\t\t\t\t\t\t\t\t\t\t<\/div>\n\t\t\t\t<\/div>\n\t\t\t\t\t<\/div>\n\t\t<\/div>\n\t\t\t\t\t<\/div>\n\t\t<\/section>\n\t\t\t\t<\/div>\n\t\t","protected":false},"excerpt":{"rendered":"<p>Ensayos El\u00e9ctricos S.A. es una empresa argentina creada en el a\u00f1o 1983. Con el fin de aportar soluciones en el campo el\u00e9ctrico a quienes tienen entre sus metas mantener y alcanzar los<a class=\"moretag\" href=\"https:\/\/ensayoselectricossa.com.ar\/index.php\/la-empresa\/\">Read More&#8230;<\/a><\/p>\n","protected":false},"author":1,"featured_media":0,"parent":0,"menu_order":0,"comment_status":"closed","ping_status":"closed","template":"","meta":{"footnotes":""},"class_list":["post-28","page","type-page","status-publish","hentry"],"_links":{"self":[{"href":"https:\/\/ensayoselectricossa.com.ar\/index.php\/wp-json\/wp\/v2\/pages\/28","targetHints":{"allow":["GET"]}}],"collection":[{"href":"https:\/\/ensayoselectricossa.com.ar\/index.php\/wp-json\/wp\/v2\/pages"}],"about":[{"href":"https:\/\/ensayoselectricossa.com.ar\/index.php\/wp-json\/wp\/v2\/types\/page"}],"author":[{"embeddable":true,"href":"https:\/\/ensayoselectricossa.com.ar\/index.php\/wp-json\/wp\/v2\/users\/1"}],"replies":[{"embeddable":true,"href":"https:\/\/ensayoselectricossa.com.ar\/index.php\/wp-json\/wp\/v2\/comments?post=28"}],"version-history":[{"count":7,"href":"https:\/\/ensayoselectricossa.com.ar\/index.php\/wp-json\/wp\/v2\/pages\/28\/revisions"}],"predecessor-version":[{"id":319,"href":"https:\/\/ensayoselectricossa.com.ar\/index.php\/wp-json\/wp\/v2\/pages\/28\/revisions\/319"}],"wp:attachment":[{"href":"https:\/\/ensayoselectricossa.com.ar\/index.php\/wp-json\/wp\/v2\/media?parent=28"}],"curies":[{"name":"wp","href":"https:\/\/api.w.org\/{rel}","templated":true}]}}